{"id":13,"date":"2024-09-14T20:31:11","date_gmt":"2024-09-14T17:31:11","guid":{"rendered":"https:\/\/www.turlameetings.com\/?page_id=13"},"modified":"2025-11-21T22:17:23","modified_gmt":"2025-11-21T19:17:23","slug":"anasayfa","status":"publish","type":"page","link":"https:\/\/www.turlameetings.com\/en\/","title":{"rendered":"Homepage"},"content":{"rendered":"<section class=\"section\" id=\"section_1168861059\">\n\t\t<div class=\"section-bg fill\" >\n\t\t\t\t\t\t\t\t\t\n\t\t\t\n\n\t\t<\/div>\n\n\t\t\n\n\t\t<div class=\"section-content relative\">\n\t\t\t\n<div class=\"row align-middle align-center\"  id=\"row-811784235\">\n\n\t<div id=\"col-965813480\" class=\"col slidehiza small-12 large-12\"  >\n\t\t\t\t<div class=\"col-inner\"  >\n\t\t\t\n\t\t\t\n<div class=\"slider-wrapper relative\" id=\"slider-1314291536\" >\n    <div class=\"slider slider-nav-circle slider-nav-large slider-nav-light slider-style-normal slider-show-nav\"\n        data-flickity-options='{            \"cellAlign\": \"center\",            \"imagesLoaded\": true,            \"lazyLoad\": 1,            \"freeScroll\": false,            \"wrapAround\": true,            \"autoPlay\": 5000,            \"pauseAutoPlayOnHover\" : true,            \"prevNextButtons\": true,            \"contain\" : true,            \"adaptiveHeight\" : true,            \"dragThreshold\" : 10,            \"percentPosition\": true,            \"pageDots\": true,            \"rightToLeft\": false,            \"draggable\": true,            \"selectedAttraction\": 0.1,            \"parallax\" : 0,            \"friction\": 0.6        }'\n        >\n        \n\t<div class=\"img has-hover x md-x lg-x y md-y lg-y\" id=\"image_1340318079\">\n\t\t<a class=\"\" href=\"#\" >\t\t\t\t\t\t<div class=\"img-inner dark\" >\n\t\t\t<img loading=\"lazy\" decoding=\"async\" width=\"1077\" height=\"245\" src=\"https:\/\/www.turlameetings.com\/wp-content\/uploads\/2025\/11\/turla-banner-ing.png\" class=\"attachment-original size-original\" alt=\"\" srcset=\"https:\/\/www.turlameetings.com\/wp-content\/uploads\/2025\/11\/turla-banner-ing.png 1077w, https:\/\/www.turlameetings.com\/wp-content\/uploads\/2025\/11\/turla-banner-ing-768x175.png 768w, https:\/\/www.turlameetings.com\/wp-content\/uploads\/2025\/11\/turla-banner-ing-18x4.png 18w\" sizes=\"(max-width: 1077px) 100vw, 1077px\" \/>\t\t\t\t\t\t\n\t\t\t\t\t<\/div>\n\t\t\t\t\t\t<\/a>\t\t\n<style>\n#image_1340318079 {\n  width: 100%;\n}\n<\/style>\n\t<\/div>\n\t\n     <\/div>\n\n     <div class=\"loading-spin dark large centered\"><\/div>\n\n\t<\/div>\n\n\n\t\t<\/div>\n\t\t\t\t\t<\/div>\n\n\t\n<\/div>\n<div class=\"row\"  id=\"row-1335601954\">\n\n\t<div id=\"col-333716622\" class=\"col medium-7 small-12 large-7\"  >\n\t\t\t\t<div class=\"col-inner\"  >\n\t\t\t\n\t\t\t\n\t<div class=\"img has-hover x md-x lg-x y md-y lg-y\" id=\"image_1510094453\">\n\t\t\t\t\t\t\t\t<div class=\"img-inner dark\" >\n\t\t\t<img loading=\"lazy\" decoding=\"async\" width=\"670\" height=\"750\" src=\"https:\/\/www.turlameetings.com\/wp-content\/uploads\/2025\/11\/en.png\" class=\"attachment-large size-large\" alt=\"\" srcset=\"https:\/\/www.turlameetings.com\/wp-content\/uploads\/2025\/11\/en.png 670w, https:\/\/www.turlameetings.com\/wp-content\/uploads\/2025\/11\/en-11x12.png 11w\" sizes=\"(max-width: 670px) 100vw, 670px\" \/>\t\t\t\t\t\t\n\t\t\t\t\t<\/div>\n\t\t\t\t\t\t\t\t\n<style>\n#image_1510094453 {\n  width: 100%;\n}\n<\/style>\n\t<\/div>\n\t\n\t\t<\/div>\n\t\t\t\t\t<\/div>\n\n\t\n\n\t<div id=\"col-1814672780\" class=\"col medium-5 small-12 large-5\"  >\n\t\t\t\t<div class=\"col-inner\"  >\n\t\t\t\n\t\t\t\n<div class=\"row row-dashed\"  id=\"row-2019348693\">\n\n\t<div id=\"col-1634122024\" class=\"col medium-6 small-12 large-6\"  >\n\t\t\t\t<div class=\"col-inner\" style=\"background-color:#7a9c59;\" >\n\t\t\t\n\t\t\t\n\n\t\t<div class=\"icon-box featured-box iconbaslik icon-box-center text-center\"  >\n\t\t\t\t\t<div class=\"icon-box-img\" style=\"width: 70px\">\n\t\t\t\t<div class=\"icon\">\n\t\t\t\t\t<div class=\"icon-inner\" >\n\t\t\t\t\t\t<img loading=\"lazy\" decoding=\"async\" width=\"300\" height=\"300\" src=\"https:\/\/www.turlameetings.com\/wp-content\/uploads\/2024\/09\/maddeicon.png\" class=\"attachment-medium size-medium\" alt=\"\" \/>\t\t\t\t\t<\/div>\n\t\t\t\t<\/div>\n\t\t\t<\/div>\n\t\t\t\t<div class=\"icon-box-text last-reset\">\n\t\t\t<h5 class=\"uppercase\">Take Your Place in Online Publisher Meetings of TURLA<\/h5>\t\t\t\t\t\t\n\t<div id=\"text-903028018\" class=\"text\">\n\t\t\n<p>You can make copyright negotiations with Turkish  publishers and agencies participating in T\u00fcrkiye, and get acquainted with new titles and promote your works. Don't miss the TURLA Online Publisher Meetings, which we hold in the form of 30-minute B2B meetings. Contact us for detailed\u00a0information.<\/p>\n\t\t\n<style>\n#text-903028018 {\n  text-align: center;\n  color: rgb(255, 255, 255);\n}\n#text-903028018 > * {\n  color: rgb(255, 255, 255);\n}\n<\/style>\n\t<\/div>\n\t\n\t\t<\/div>\n\t<\/div>\n\t\n\t\n\t\t<\/div>\n\t\t\t\t\t<\/div>\n\n\t\n\n\t<div id=\"col-1253476531\" class=\"col medium-6 small-12 large-6\"  >\n\t\t\t\t<div class=\"col-inner\" style=\"background-color:#d26e4b;\" >\n\t\t\t\n\t\t\t\n\n\t\t<div class=\"icon-box featured-box iconbaslik icon-box-center text-center\"  >\n\t\t\t\t\t<div class=\"icon-box-img\" style=\"width: 70px\">\n\t\t\t\t<div class=\"icon\">\n\t\t\t\t\t<div class=\"icon-inner\" >\n\t\t\t\t\t\t<img loading=\"lazy\" decoding=\"async\" width=\"300\" height=\"300\" src=\"https:\/\/www.turlameetings.com\/wp-content\/uploads\/2024\/09\/maddeicon.png\" class=\"attachment-medium size-medium\" alt=\"\" \/>\t\t\t\t\t<\/div>\n\t\t\t\t<\/div>\n\t\t\t<\/div>\n\t\t\t\t<div class=\"icon-box-text last-reset\">\n\t\t\t<h5 class=\"uppercase\">October 1-7, 2025, Baku Book Fair<\/h5>\t\t\t\t\t\t\n\t<div id=\"text-2426677475\" class=\"text\">\n\t\t\n<p>We participated in this year's Baku Book Fair, held at the Baku Expo Center. We brought together the growing Baku publishers who follow the Turkish publishing market with distinguished works by Turkish publishers. We introduced the works included in the TURLA Catalogs. We are excited about new collaborations. <\/p>\n\t\t\n<style>\n#text-2426677475 {\n  text-align: center;\n  color: rgb(255, 255, 255);\n}\n#text-2426677475 > * {\n  color: rgb(255, 255, 255);\n}\n<\/style>\n\t<\/div>\n\t\n\t\t<\/div>\n\t<\/div>\n\t\n\t\n\t\t<\/div>\n\t\t\t\t\t<\/div>\n\n\t\n\n\t<div id=\"col-1149727110\" class=\"col medium-6 small-12 large-6 medium-col-first\"  >\n\t\t\t\t<div class=\"col-inner\" style=\"background-color:#d26e4b;\" >\n\t\t\t\n\t\t\t\n\n\t<a class=\"plain\" href=\"https:\/\/www.turlameetings.com\/en\/publishing-in-turkey\/\" >\t<div class=\"icon-box featured-box iconbaslik icon-box-center text-center\"  >\n\t\t\t\t\t<div class=\"icon-box-img\" style=\"width: 70px\">\n\t\t\t\t<div class=\"icon\">\n\t\t\t\t\t<div class=\"icon-inner\" >\n\t\t\t\t\t\t<img loading=\"lazy\" decoding=\"async\" width=\"300\" height=\"300\" src=\"https:\/\/www.turlameetings.com\/wp-content\/uploads\/2024\/09\/maddeicon.png\" class=\"attachment-medium size-medium\" alt=\"\" \/>\t\t\t\t\t<\/div>\n\t\t\t\t<\/div>\n\t\t\t<\/div>\n\t\t\t\t<div class=\"icon-box-text last-reset\">\n\t\t\t<h5 class=\"uppercase\">PUBLISHING IN TURKIYE<\/h5>\t\t\t\t\t\t\n\t<div id=\"text-4195481869\" class=\"text\">\n\t\t\n<p>Publishing in Turkey dergisini incelemek i\u00e7in t\u0131klay\u0131n\u0131z.<\/p>\n\t\t\n<style>\n#text-4195481869 {\n  text-align: center;\n  color: rgb(255, 255, 255);\n}\n#text-4195481869 > * {\n  color: rgb(255, 255, 255);\n}\n<\/style>\n\t<\/div>\n\t\n\t\t<\/div>\n\t<\/div>\n\t<\/a>\n\t\n\t\t<\/div>\n\t\t\t\t\t<\/div>\n\n\t\n\n\t<div id=\"col-1391404525\" class=\"col medium-6 small-12 large-6\"  >\n\t\t\t\t<div class=\"col-inner\" style=\"background-color:#7a9c59;\" >\n\t\t\t\n\t\t\t\n\n\t\t<div class=\"icon-box featured-box iconbaslik icon-box-center text-center\"  >\n\t\t\t\t\t<div class=\"icon-box-img\" style=\"width: 70px\">\n\t\t\t\t<div class=\"icon\">\n\t\t\t\t\t<div class=\"icon-inner\" >\n\t\t\t\t\t\t<img loading=\"lazy\" decoding=\"async\" width=\"300\" height=\"300\" src=\"https:\/\/www.turlameetings.com\/wp-content\/uploads\/2024\/09\/maddeicon.png\" class=\"attachment-medium size-medium\" alt=\"\" \/>\t\t\t\t\t<\/div>\n\t\t\t\t<\/div>\n\t\t\t<\/div>\n\t\t\t\t<div class=\"icon-box-text last-reset\">\n\t\t\t<h5 class=\"uppercase\">OCTOBER 15-19, 2025 FRANKFURT BOOK FAIR<\/h5>\t\t\t\t\t\t\n\t<div id=\"text-2231245600\" class=\"text\">\n\t\t\n<p>We held two separate publisher meetings at the Turkish National booth at the Frankfurt Book Fair. We hosted South Korean and Italian publishers at the Turkish National booth, enabling them to have one-on-one meetings with Turkish publishers. We are excited about new collaborations. <\/p>\n\t\t\n<style>\n#text-2231245600 {\n  text-align: center;\n  color: rgb(255, 255, 255);\n}\n#text-2231245600 > * {\n  color: rgb(255, 255, 255);\n}\n<\/style>\n\t<\/div>\n\t\n\t\t<\/div>\n\t<\/div>\n\t\n\t\n\t\t<\/div>\n\t\t\t\t\t<\/div>\n\n\t\n<\/div>\n\t\t<\/div>\n\t\t\t\t\t<\/div>\n\n\t\n\n<style>\n#row-1335601954 > .col > .col-inner {\n  padding: 20px 0px 20px 0px;\n}\n<\/style>\n<\/div>\n<div class=\"row row-collapse row-full-width align-middle align-center\"  id=\"row-2090132635\">\n\n\t<div id=\"col-404115286\" class=\"col small-12 large-12\"  >\n\t\t\t\t<div class=\"col-inner text-center\"  >\n\t\t\t\n\t\t\t\n<div class=\"container section-title-container\" ><h2 class=\"section-title section-title-center\"><b><\/b><span class=\"section-title-main\" style=\"color:rgb(0, 29, 40);\">Subscribe to Our Newsletter<\/span><b><\/b><\/h2><\/div>\n\t<div id=\"gap-655000157\" class=\"gap-element clearfix\" style=\"display:block; height:auto;\">\n\t\t\n<style>\n#gap-655000157 {\n  padding-top: 30px;\n}\n<\/style>\n\t<\/div>\n\t\n<a data-animate=\"bounceInUp\" href=\"https:\/\/www.turlameetings.com\/en\/bulten\/\" class=\"button primary\"  style=\"border-radius:99px;padding:0px 30px 0px 30px;\">\n\t\t<span>Subscribe<\/span>\n\t<\/a>\n\n\t\t<\/div>\n\t\t\t\t\n<style>\n#col-404115286 > .col-inner {\n  padding: 10px 0px 10px 0px;\n  margin: 0px 0px 0px 0px;\n}\n<\/style>\n\t<\/div>\n\n\t\n<\/div>\n\t\t<\/div>\n\n\t\t\n<style>\n#section_1168861059 {\n  padding-top: 0px;\n  padding-bottom: 0px;\n}\n<\/style>\n\t<\/section>","protected":false},"excerpt":{"rendered":"","protected":false},"author":1,"featured_media":0,"parent":0,"menu_order":0,"comment_status":"closed","ping_status":"closed","template":"page-blank.php","meta":{"footnotes":""},"class_list":["post-13","page","type-page","status-publish","hentry"],"_links":{"self":[{"href":"https:\/\/www.turlameetings.com\/en\/wp-json\/wp\/v2\/pages\/13"}],"collection":[{"href":"https:\/\/www.turlameetings.com\/en\/wp-json\/wp\/v2\/pages"}],"about":[{"href":"https:\/\/www.turlameetings.com\/en\/wp-json\/wp\/v2\/types\/page"}],"author":[{"embeddable":true,"href":"https:\/\/www.turlameetings.com\/en\/wp-json\/wp\/v2\/users\/1"}],"replies":[{"embeddable":true,"href":"https:\/\/www.turlameetings.com\/en\/wp-json\/wp\/v2\/comments?post=13"}],"version-history":[{"count":29,"href":"https:\/\/www.turlameetings.com\/en\/wp-json\/wp\/v2\/pages\/13\/revisions"}],"predecessor-version":[{"id":416,"href":"https:\/\/www.turlameetings.com\/en\/wp-json\/wp\/v2\/pages\/13\/revisions\/416"}],"wp:attachment":[{"href":"https:\/\/www.turlameetings.com\/en\/wp-json\/wp\/v2\/media?parent=13"}],"curies":[{"name":"wp","href":"https:\/\/api.w.org\/{rel}","templated":true}]}}